{"id":7,"date":"2024-06-27T10:15:35","date_gmt":"2024-06-27T13:15:35","guid":{"rendered":"http:\/\/festoonfestas.com.br\/?page_id=7"},"modified":"2024-07-10T12:04:47","modified_gmt":"2024-07-10T15:04:47","slug":"home","status":"publish","type":"page","link":"https:\/\/festoonfestas.com.br\/","title":{"rendered":"Home"},"content":{"rendered":"\t\t<div data-elementor-type=\"wp-page\" data-elementor-id=\"7\" class=\"elementor elementor-7\">\n\t\t\t\t<div class=\"elementor-element elementor-element-75b4504 e-flex e-con-boxed e-con e-parent\" data-id=\"75b4504\" data-element_type=\"container\">\n\t\t\t\t\t<div class=\"e-con-inner\">\n\t\t\t\t<div class=\"elementor-element elementor-element-bafb6bf elementor-widget elementor-widget-video\" data-id=\"bafb6bf\" data-element_type=\"widget\" data-settings=\"{&quot;video_type&quot;:&quot;hosted&quot;,&quot;autoplay&quot;:&quot;yes&quot;,&quot;play_on_mobile&quot;:&quot;yes&quot;,&quot;mute&quot;:&quot;yes&quot;,&quot;loop&quot;:&quot;yes&quot;,&quot;start&quot;:0}\" data-widget_type=\"video.default\">\n\t\t\t\t<div class=\"elementor-widget-container\">\n\t\t\t<style>\/*! elementor - v3.22.0 - 26-06-2024 *\/\n.elementor-widget-video .elementor-widget-container{overflow:hidden;transform:translateZ(0)}.elementor-widget-video .elementor-wrapper{aspect-ratio:var(--video-aspect-ratio)}.elementor-widget-video .elementor-wrapper iframe,.elementor-widget-video .elementor-wrapper video{height:100%;width:100%;display:flex;border:none;background-color:#000}@supports not (aspect-ratio:1\/1){.elementor-widget-video .elementor-wrapper{position:relative;overflow:hidden;height:0;padding-bottom:calc(100% \/ var(--video-aspect-ratio))}.elementor-widget-video .elementor-wrapper iframe,.elementor-widget-video .elementor-wrapper video{position:absolute;top:0;right:0;bottom:0;left:0}}.elementor-widget-video .elementor-open-inline .elementor-custom-embed-image-overlay{position:absolute;top:0;right:0;bottom:0;left:0;background-size:cover;background-position:50%}.elementor-widget-video .elementor-custom-embed-image-overlay{cursor:pointer;text-align:center}.elementor-widget-video .elementor-custom-embed-image-overlay:hover .elementor-custom-embed-play i{opacity:1}.elementor-widget-video .elementor-custom-embed-image-overlay img{display:block;width:100%;aspect-ratio:var(--video-aspect-ratio);-o-object-fit:cover;object-fit:cover;-o-object-position:center center;object-position:center center}@supports not (aspect-ratio:1\/1){.elementor-widget-video .elementor-custom-embed-image-overlay{position:relative;overflow:hidden;height:0;padding-bottom:calc(100% \/ var(--video-aspect-ratio))}.elementor-widget-video .elementor-custom-embed-image-overlay img{position:absolute;top:0;right:0;bottom:0;left:0}}.elementor-widget-video .e-hosted-video .elementor-video{-o-object-fit:cover;object-fit:cover}.e-con-inner>.elementor-widget-video,.e-con>.elementor-widget-video{width:var(--container-widget-width);--flex-grow:var(--container-widget-flex-grow)}<\/style>\t\t<div class=\"e-hosted-video elementor-wrapper elementor-open-inline\">\n\t\t\t\t\t<video class=\"elementor-video\" src=\"http:\/\/festoonfestas.com.br\/wp-content\/uploads\/2024\/06\/file.mp4\" autoplay=\"\" loop=\"\" muted=\"muted\" playsinline=\"\" controlsList=\"nodownload\"><\/video>\n\t\t\t\t<\/div>\n\t\t\t\t<\/div>\n\t\t\t\t<\/div>\n\t\t\t\t\t<\/div>\n\t\t\t\t<\/div>\n\t\t<div class=\"elementor-element elementor-element-5b2dcfa e-flex e-con-boxed e-con e-parent\" data-id=\"5b2dcfa\" data-element_type=\"container\">\n\t\t\t\t\t<div class=\"e-con-inner\">\n\t\t\t\t<div class=\"elementor-element elementor-element-be4a6fe elementor-widget elementor-widget-heading\" data-id=\"be4a6fe\" data-element_type=\"widget\" data-widget_type=\"heading.default\">\n\t\t\t\t<div class=\"elementor-widget-container\">\n\t\t\t<style>\/*! elementor - v3.22.0 - 26-06-2024 *\/\n.elementor-heading-title{padding:0;margin:0;line-height:1}.elementor-widget-heading .elementor-heading-title[class*=elementor-size-]>a{color:inherit;font-size:inherit;line-height:inherit}.elementor-widget-heading .elementor-heading-title.elementor-size-small{font-size:15px}.elementor-widget-heading .elementor-heading-title.elementor-size-medium{font-size:19px}.elementor-widget-heading .elementor-heading-title.elementor-size-large{font-size:29px}.elementor-widget-heading .elementor-heading-title.elementor-size-xl{font-size:39px}.elementor-widget-heading .elementor-heading-title.elementor-size-xxl{font-size:59px}<\/style><h2 class=\"elementor-heading-title elementor-size-default\">Festoon Festas - Criando decora\u00e7\u00f5es que contam hist\u00f3rias<\/h2>\t\t<\/div>\n\t\t\t\t<\/div>\n\t\t\t\t<div class=\"elementor-element elementor-element-ec4fac1 e-transform elementor-widget elementor-widget-text-editor\" data-id=\"ec4fac1\" data-element_type=\"widget\" data-settings=\"{&quot;_transform_translateX_effect&quot;:{&quot;unit&quot;:&quot;px&quot;,&quot;size&quot;:&quot;&quot;,&quot;sizes&quot;:[]},&quot;_transform_translateX_effect_tablet&quot;:{&quot;unit&quot;:&quot;px&quot;,&quot;size&quot;:&quot;&quot;,&quot;sizes&quot;:[]},&quot;_transform_translateX_effect_mobile&quot;:{&quot;unit&quot;:&quot;px&quot;,&quot;size&quot;:&quot;&quot;,&quot;sizes&quot;:[]},&quot;_transform_translateY_effect&quot;:{&quot;unit&quot;:&quot;px&quot;,&quot;size&quot;:&quot;&quot;,&quot;sizes&quot;:[]},&quot;_transform_translateY_effect_tablet&quot;:{&quot;unit&quot;:&quot;px&quot;,&quot;size&quot;:&quot;&quot;,&quot;sizes&quot;:[]},&quot;_transform_translateY_effect_mobile&quot;:{&quot;unit&quot;:&quot;px&quot;,&quot;size&quot;:&quot;&quot;,&quot;sizes&quot;:[]}}\" data-widget_type=\"text-editor.default\">\n\t\t\t\t<div class=\"elementor-widget-container\">\n\t\t\t<style>\/*! elementor - v3.22.0 - 26-06-2024 *\/\n.elementor-widget-text-editor.elementor-drop-cap-view-stacked .elementor-drop-cap{background-color:#69727d;color:#fff}.elementor-widget-text-editor.elementor-drop-cap-view-framed .elementor-drop-cap{color:#69727d;border:3px solid;background-color:transparent}.elementor-widget-text-editor:not(.elementor-drop-cap-view-default) .elementor-drop-cap{margin-top:8px}.elementor-widget-text-editor:not(.elementor-drop-cap-view-default) .elementor-drop-cap-letter{width:1em;height:1em}.elementor-widget-text-editor .elementor-drop-cap{float:left;text-align:center;line-height:1;font-size:50px}.elementor-widget-text-editor .elementor-drop-cap-letter{display:inline-block}<\/style>\t\t\t\t<p style=\"text-align: center;\">Na Festoon, acreditamos que uma decora\u00e7\u00e3o especial pode transformar qualquer festa em um momento inesquec\u00edvel.<br \/>Nossos decoradores s\u00e3o especialistas em criar ambientes \u00fanicos que refletem sua personalidade e estilo.<br \/>Seja um casamento dos sonhos, uma festa de anivers\u00e1rio divertida ou um evento corporativo sofisticado, estamos aqui para trazer sua vis\u00e3o \u00e0 vida.<br \/>Cada detalhe \u00e9 cuidadosamente pensado para criar uma atmosfera envolvente e encantar seus convidados.<br \/>Vamos conversar e descobrir como podemos tornar sua pr\u00f3xima celebra\u00e7\u00e3o verdadeiramente especial.<\/p>\t\t\t\t\t\t<\/div>\n\t\t\t\t<\/div>\n\t\t\t\t<div class=\"elementor-element elementor-element-c7c4f0d elementor-widget elementor-widget-image\" data-id=\"c7c4f0d\" data-element_type=\"widget\" data-widget_type=\"image.default\">\n\t\t\t\t<div class=\"elementor-widget-container\">\n\t\t\t<style>\/*! elementor - v3.22.0 - 26-06-2024 *\/\n.elementor-widget-image{text-align:center}.elementor-widget-image a{display:inline-block}.elementor-widget-image a img[src$=\".svg\"]{width:48px}.elementor-widget-image img{vertical-align:middle;display:inline-block}<\/style>\t\t\t\t\t\t\t\t\t\t<img fetchpriority=\"high\" decoding=\"async\" width=\"1576\" height=\"200\" src=\"https:\/\/festoonfestas.com.br\/wp-content\/uploads\/2024\/06\/Design-sem-nome-34_upscayl_1x_realesrgan-x4plus-anime.png\" class=\"attachment-full size-full wp-image-55\" alt=\"\" srcset=\"https:\/\/festoonfestas.com.br\/wp-content\/uploads\/2024\/06\/Design-sem-nome-34_upscayl_1x_realesrgan-x4plus-anime.png 1576w, https:\/\/festoonfestas.com.br\/wp-content\/uploads\/2024\/06\/Design-sem-nome-34_upscayl_1x_realesrgan-x4plus-anime-300x38.png 300w, https:\/\/festoonfestas.com.br\/wp-content\/uploads\/2024\/06\/Design-sem-nome-34_upscayl_1x_realesrgan-x4plus-anime-1024x130.png 1024w, https:\/\/festoonfestas.com.br\/wp-content\/uploads\/2024\/06\/Design-sem-nome-34_upscayl_1x_realesrgan-x4plus-anime-768x97.png 768w, https:\/\/festoonfestas.com.br\/wp-content\/uploads\/2024\/06\/Design-sem-nome-34_upscayl_1x_realesrgan-x4plus-anime-1536x195.png 1536w\" sizes=\"(max-width: 1576px) 100vw, 1576px\" \/>\t\t\t\t\t\t\t\t\t\t\t\t\t<\/div>\n\t\t\t\t<\/div>\n\t\t\t\t\t<\/div>\n\t\t\t\t<\/div>\n\t\t\t\t<\/div>\n\t\t","protected":false},"excerpt":{"rendered":"<p>http:\/\/festoonfestas.com.br\/wp-content\/uploads\/2024\/06\/file.mp4 Festoon Festas &#8211; Criando decora\u00e7\u00f5es que contam hist\u00f3rias Na Festoon, acreditamos que uma decora\u00e7\u00e3o especial pode transformar qualquer festa [&hellip;]<\/p>\n","protected":false},"author":1,"featured_media":0,"parent":0,"menu_order":0,"comment_status":"closed","ping_status":"closed","template":"","meta":{"site-sidebar-layout":"no-sidebar","site-content-layout":"","ast-site-content-layout":"full-width-container","site-content-style":"default","site-sidebar-style":"default","ast-global-header-display":"","ast-banner-title-visibility":"","ast-main-header-display":"","ast-hfb-above-header-display":"","ast-hfb-below-header-display":"","ast-hfb-mobile-header-display":"","site-post-title":"disabled","ast-breadcrumbs-content":"","ast-featured-img":"disabled","footer-sml-layout":"","theme-transparent-header-meta":"","adv-header-id-meta":"","stick-header-meta":"","header-above-stick-meta":"","header-main-stick-meta":"","header-below-stick-meta":"","astra-migrate-meta-layouts":"default","ast-page-background-enabled":"default","ast-page-background-meta":{"desktop":{"background-color":"var(--ast-global-color-4)","background-image":"","background-repeat":"repeat","background-position":"center center","background-size":"auto","background-attachment":"scroll","background-type":"","background-media":"","overlay-type":"","overlay-color":"","overlay-opacity":"","overlay-gradient":""},"tablet":{"background-color":"","background-image":"","background-repeat":"repeat","background-position":"center center","background-size":"auto","background-attachment":"scroll","background-type":"","background-media":"","overlay-type":"","overlay-color":"","overlay-opacity":"","overlay-gradient":""},"mobile":{"background-color":"","background-image":"","background-repeat":"repeat","background-position":"center center","background-size":"auto","background-attachment":"scroll","background-type":"","background-media":"","overlay-type":"","overlay-color":"","overlay-opacity":"","overlay-gradient":""}},"ast-content-background-meta":{"desktop":{"background-color":"var(--ast-global-color-5)","background-image":"","background-repeat":"repeat","background-position":"center center","background-size":"auto","background-attachment":"scroll","background-type":"","background-media":"","overlay-type":"","overlay-color":"","overlay-opacity":"","overlay-gradient":""},"tablet":{"background-color":"var(--ast-global-color-5)","background-image":"","background-repeat":"repeat","background-position":"center center","background-size":"auto","background-attachment":"scroll","background-type":"","background-media":"","overlay-type":"","overlay-color":"","overlay-opacity":"","overlay-gradient":""},"mobile":{"background-color":"var(--ast-global-color-5)","background-image":"","background-repeat":"repeat","background-position":"center center","background-size":"auto","background-attachment":"scroll","background-type":"","background-media":"","overlay-type":"","overlay-color":"","overlay-opacity":"","overlay-gradient":""}},"footnotes":""},"yoast_head":"<!-- This site is optimized with the Yoast SEO plugin v23.0 - https:\/\/yoast.com\/wordpress\/plugins\/seo\/ -->\n<title>Home -<\/title>\n<meta name=\"robots\" content=\"index, follow, max-snippet:-1, max-image-preview:large, max-video-preview:-1\" \/>\n<link rel=\"canonical\" href=\"http:\/\/festoonfestas.com.br\/\" \/>\n<meta property=\"og:locale\" content=\"pt_BR\" \/>\n<meta property=\"og:type\" content=\"article\" \/>\n<meta property=\"og:title\" content=\"Home -\" \/>\n<meta property=\"og:description\" content=\"http:\/\/festoonfestas.com.br\/wp-content\/uploads\/2024\/06\/file.mp4 Festoon Festas &#8211; Criando decora\u00e7\u00f5es que contam hist\u00f3rias Na Festoon, acreditamos que uma decora\u00e7\u00e3o especial pode transformar qualquer festa [&hellip;]\" \/>\n<meta property=\"og:url\" content=\"http:\/\/festoonfestas.com.br\/\" \/>\n<meta property=\"article:modified_time\" content=\"2024-07-10T15:04:47+00:00\" \/>\n<meta property=\"og:image\" content=\"http:\/\/festoonfestas.com.br\/wp-content\/uploads\/2024\/06\/Design-sem-nome-34_upscayl_1x_realesrgan-x4plus-anime.png\" \/>\n<meta name=\"twitter:card\" content=\"summary_large_image\" \/>\n<meta name=\"twitter:label1\" content=\"Est. tempo de leitura\" \/>\n\t<meta name=\"twitter:data1\" content=\"1 minuto\" \/>\n<script type=\"application\/ld+json\" class=\"yoast-schema-graph\">{\"@context\":\"https:\/\/schema.org\",\"@graph\":[{\"@type\":\"WebPage\",\"@id\":\"http:\/\/festoonfestas.com.br\/\",\"url\":\"http:\/\/festoonfestas.com.br\/\",\"name\":\"Home -\",\"isPartOf\":{\"@id\":\"http:\/\/festoonfestas.com.br\/#website\"},\"primaryImageOfPage\":{\"@id\":\"http:\/\/festoonfestas.com.br\/#primaryimage\"},\"image\":{\"@id\":\"http:\/\/festoonfestas.com.br\/#primaryimage\"},\"thumbnailUrl\":\"http:\/\/festoonfestas.com.br\/wp-content\/uploads\/2024\/06\/Design-sem-nome-34_upscayl_1x_realesrgan-x4plus-anime.png\",\"datePublished\":\"2024-06-27T13:15:35+00:00\",\"dateModified\":\"2024-07-10T15:04:47+00:00\",\"breadcrumb\":{\"@id\":\"http:\/\/festoonfestas.com.br\/#breadcrumb\"},\"inLanguage\":\"pt-BR\",\"potentialAction\":[{\"@type\":\"ReadAction\",\"target\":[\"http:\/\/festoonfestas.com.br\/\"]}]},{\"@type\":\"ImageObject\",\"inLanguage\":\"pt-BR\",\"@id\":\"http:\/\/festoonfestas.com.br\/#primaryimage\",\"url\":\"https:\/\/festoonfestas.com.br\/wp-content\/uploads\/2024\/06\/Design-sem-nome-34_upscayl_1x_realesrgan-x4plus-anime.png\",\"contentUrl\":\"https:\/\/festoonfestas.com.br\/wp-content\/uploads\/2024\/06\/Design-sem-nome-34_upscayl_1x_realesrgan-x4plus-anime.png\",\"width\":1576,\"height\":200},{\"@type\":\"BreadcrumbList\",\"@id\":\"http:\/\/festoonfestas.com.br\/#breadcrumb\",\"itemListElement\":[{\"@type\":\"ListItem\",\"position\":1,\"name\":\"In\u00edcio\",\"item\":\"http:\/\/festoonfestas.com.br\/\"},{\"@type\":\"ListItem\",\"position\":2,\"name\":\"Home\"}]},{\"@type\":\"WebSite\",\"@id\":\"http:\/\/festoonfestas.com.br\/#website\",\"url\":\"http:\/\/festoonfestas.com.br\/\",\"name\":\"\",\"description\":\"\",\"potentialAction\":[{\"@type\":\"SearchAction\",\"target\":{\"@type\":\"EntryPoint\",\"urlTemplate\":\"http:\/\/festoonfestas.com.br\/?s={search_term_string}\"},\"query-input\":\"required name=search_term_string\"}],\"inLanguage\":\"pt-BR\"}]}<\/script>\n<!-- \/ Yoast SEO plugin. -->","yoast_head_json":{"title":"Home -","robots":{"index":"index","follow":"follow","max-snippet":"max-snippet:-1","max-image-preview":"max-image-preview:large","max-video-preview":"max-video-preview:-1"},"canonical":"http:\/\/festoonfestas.com.br\/","og_locale":"pt_BR","og_type":"article","og_title":"Home -","og_description":"http:\/\/festoonfestas.com.br\/wp-content\/uploads\/2024\/06\/file.mp4 Festoon Festas &#8211; Criando decora\u00e7\u00f5es que contam hist\u00f3rias Na Festoon, acreditamos que uma decora\u00e7\u00e3o especial pode transformar qualquer festa [&hellip;]","og_url":"http:\/\/festoonfestas.com.br\/","article_modified_time":"2024-07-10T15:04:47+00:00","og_image":[{"url":"http:\/\/festoonfestas.com.br\/wp-content\/uploads\/2024\/06\/Design-sem-nome-34_upscayl_1x_realesrgan-x4plus-anime.png"}],"twitter_card":"summary_large_image","twitter_misc":{"Est. tempo de leitura":"1 minuto"},"schema":{"@context":"https:\/\/schema.org","@graph":[{"@type":"WebPage","@id":"http:\/\/festoonfestas.com.br\/","url":"http:\/\/festoonfestas.com.br\/","name":"Home -","isPartOf":{"@id":"http:\/\/festoonfestas.com.br\/#website"},"primaryImageOfPage":{"@id":"http:\/\/festoonfestas.com.br\/#primaryimage"},"image":{"@id":"http:\/\/festoonfestas.com.br\/#primaryimage"},"thumbnailUrl":"http:\/\/festoonfestas.com.br\/wp-content\/uploads\/2024\/06\/Design-sem-nome-34_upscayl_1x_realesrgan-x4plus-anime.png","datePublished":"2024-06-27T13:15:35+00:00","dateModified":"2024-07-10T15:04:47+00:00","breadcrumb":{"@id":"http:\/\/festoonfestas.com.br\/#breadcrumb"},"inLanguage":"pt-BR","potentialAction":[{"@type":"ReadAction","target":["http:\/\/festoonfestas.com.br\/"]}]},{"@type":"ImageObject","inLanguage":"pt-BR","@id":"http:\/\/festoonfestas.com.br\/#primaryimage","url":"https:\/\/festoonfestas.com.br\/wp-content\/uploads\/2024\/06\/Design-sem-nome-34_upscayl_1x_realesrgan-x4plus-anime.png","contentUrl":"https:\/\/festoonfestas.com.br\/wp-content\/uploads\/2024\/06\/Design-sem-nome-34_upscayl_1x_realesrgan-x4plus-anime.png","width":1576,"height":200},{"@type":"BreadcrumbList","@id":"http:\/\/festoonfestas.com.br\/#breadcrumb","itemListElement":[{"@type":"ListItem","position":1,"name":"In\u00edcio","item":"http:\/\/festoonfestas.com.br\/"},{"@type":"ListItem","position":2,"name":"Home"}]},{"@type":"WebSite","@id":"http:\/\/festoonfestas.com.br\/#website","url":"http:\/\/festoonfestas.com.br\/","name":"","description":"","potentialAction":[{"@type":"SearchAction","target":{"@type":"EntryPoint","urlTemplate":"http:\/\/festoonfestas.com.br\/?s={search_term_string}"},"query-input":"required name=search_term_string"}],"inLanguage":"pt-BR"}]}},"_links":{"self":[{"href":"https:\/\/festoonfestas.com.br\/index.php?rest_route=\/wp\/v2\/pages\/7"}],"collection":[{"href":"https:\/\/festoonfestas.com.br\/index.php?rest_route=\/wp\/v2\/pages"}],"about":[{"href":"https:\/\/festoonfestas.com.br\/index.php?rest_route=\/wp\/v2\/types\/page"}],"author":[{"embeddable":true,"href":"https:\/\/festoonfestas.com.br\/index.php?rest_route=\/wp\/v2\/users\/1"}],"replies":[{"embeddable":true,"href":"https:\/\/festoonfestas.com.br\/index.php?rest_route=%2Fwp%2Fv2%2Fcomments&post=7"}],"version-history":[{"count":0,"href":"https:\/\/festoonfestas.com.br\/index.php?rest_route=\/wp\/v2\/pages\/7\/revisions"}],"wp:attachment":[{"href":"https:\/\/festoonfestas.com.br\/index.php?rest_route=%2Fwp%2Fv2%2Fmedia&parent=7"}],"curies":[{"name":"wp","href":"https:\/\/api.w.org\/{rel}","templated":true}]}}